{"id":19,"date":"2015-07-16T10:41:24","date_gmt":"2015-07-16T08:41:24","guid":{"rendered":"http:\/\/www.kaminbau-grothe.de\/?page_id=19"},"modified":"2018-05-20T02:16:05","modified_gmt":"2018-05-20T00:16:05","slug":"chronik","status":"publish","type":"page","link":"http:\/\/www.kaminbau-grothe.de\/?page_id=19","title":{"rendered":"Chronik"},"content":{"rendered":"<p>Heinz Grothe, der Gr\u00fcnder der Firma Heinz Grothe, Kachelofen- und Kaminbau, wurde 1919 in der \u201eStadt der Kacheln\u201c Velten bei Berlin geboren.<\/p>\n<p>Als Sohn eines T\u00f6pfermeisters \u2013 zu dieser Zeit waren das T\u00f6pfer- und Ofenbauer-Handwerk noch zusammen \u2013 erlernte er ebenfalls dieses Handwerk.<\/p>\n<p>Nach seiner Flucht in den Westen, lie\u00df er sich im hessischen M\u00fchlheim am Main nieder und gr\u00fcndete Anfang der F\u00fcnfziger Jahre einen eigenen Kachelofen- und Kaminbau-Betrieb.<\/p>\n<p>Wie einst sein Vater ihm, brachte auch er seinem Sohn Walter das Kachelofenbauer-Handwerk bei. Bereits vor seinem Tod \u00fcbernahm Walter Grothe die Leitung der Firma.<\/p>\n<p>Seit der Zusammenlegung des Kachelofen- und Backofenbauer-Handwerks besch\u00e4ftigen wir uns auch intensiv mit dem Bau von Holz-Back\u00f6fen. Sie als Kunde profitieren aus dieser langj\u00e4hrigen Erfahrung in Verbindung mit neuesten Technologien.<\/p>\n<p>Um die Anspr\u00fcche unserer Kunden auf das Beste zu erf\u00fcllen, arbeiten wir mit Herstellern qualitativ hochwertiger Produkte zusammen.<\/p>\n<p>Bei unseren ausf\u00fchrlichen Beratungen und Planungen stehen Sie als Kunde, sowie Ihre pers\u00f6nlichen Bed\u00fcrfnisse, im Mittelpunkt.<\/p>\n<p>&nbsp;<\/p>\n<p><img loading=\"lazy\" src=\"http:\/\/www.kaminbau-grothe.de\/wp-content\/uploads\/2015\/07\/firmengeschichte.jpg\" alt=\"firmengeschichte\" width=\"580\" height=\"370\" class=\"alignleft size-full wp-image-178\" srcset=\"http:\/\/www.kaminbau-grothe.de\/wp-content\/uploads\/2015\/07\/firmengeschichte.jpg 580w, http:\/\/www.kaminbau-grothe.de\/wp-content\/uploads\/2015\/07\/firmengeschichte-300x191.jpg 300w\" sizes=\"(max-width: 580px) 100vw, 580px\" \/><\/p>\n","protected":false},"excerpt":{"rendered":"<p>Heinz Grothe, der Gr\u00fcnder der Firma Heinz Grothe, Kachelofen- und Kaminbau, wurde 1919 in der \u201eStadt der Kacheln\u201c Velten bei Berlin geboren. Als Sohn eines T\u00f6pfermeisters \u2013 zu dieser Zeit waren das T\u00f6pfer- und Ofenbauer-Handwerk noch zusammen \u2013 erlernte er<\/p>\n","protected":false},"author":1,"featured_media":143,"parent":0,"menu_order":0,"comment_status":"closed","ping_status":"closed","template":"","meta":[],"_links":{"self":[{"href":"http:\/\/www.kaminbau-grothe.de\/index.php?rest_route=\/wp\/v2\/pages\/19"}],"collection":[{"href":"http:\/\/www.kaminbau-grothe.de\/index.php?rest_route=\/wp\/v2\/pages"}],"about":[{"href":"http:\/\/www.kaminbau-grothe.de\/index.php?rest_route=\/wp\/v2\/types\/page"}],"author":[{"embeddable":true,"href":"http:\/\/www.kaminbau-grothe.de\/index.php?rest_route=\/wp\/v2\/users\/1"}],"replies":[{"embeddable":true,"href":"http:\/\/www.kaminbau-grothe.de\/index.php?rest_route=%2Fwp%2Fv2%2Fcomments&post=19"}],"version-history":[{"count":11,"href":"http:\/\/www.kaminbau-grothe.de\/index.php?rest_route=\/wp\/v2\/pages\/19\/revisions"}],"predecessor-version":[{"id":182,"href":"http:\/\/www.kaminbau-grothe.de\/index.php?rest_route=\/wp\/v2\/pages\/19\/revisions\/182"}],"wp:featuredmedia":[{"embeddable":true,"href":"http:\/\/www.kaminbau-grothe.de\/index.php?rest_route=\/wp\/v2\/media\/143"}],"wp:attachment":[{"href":"http:\/\/www.kaminbau-grothe.de\/index.php?rest_route=%2Fwp%2Fv2%2Fmedia&parent=19"}],"curies":[{"name":"wp","href":"https:\/\/api.w.org\/{rel}","templated":true}]}}